{"id":29470,"date":"2024-06-13T22:17:37","date_gmt":"2024-06-13T20:17:37","guid":{"rendered":"https:\/\/mehrd62.sg-host.com\/mentions-legales\/"},"modified":"2025-09-10T14:19:02","modified_gmt":"2025-09-10T12:19:02","slug":"mentions-legales","status":"publish","type":"page","link":"https:\/\/digiagrifood.ch\/fr\/mentions-legales\/","title":{"rendered":"Mentions l\u00e9gales"},"content":{"rendered":"<div class=\"wpb-content-wrapper\"><p>[vc_row row_height_percent=&#8221;0&#8243; override_padding=&#8221;yes&#8221; h_padding=&#8221;2&#8243; top_padding=&#8221;4&#8243; bottom_padding=&#8221;4&#8243; back_color=&#8221;color-wayh&#8221; back_image=&#8221;28936&#8243; overlay_color=&#8221;color-jevc&#8221; overlay_alpha=&#8221;32&#8243; gutter_size=&#8221;3&#8243; column_width_percent=&#8221;100&#8243; shift_y=&#8221;0&#8243; z_index=&#8221;0&#8243; uncode_shortcode_id=&#8221;676506&#8243; back_color_type=&#8221;uncode-palette&#8221; overlay_color_type=&#8221;uncode-palette&#8221;][vc_column column_width_percent=&#8221;100&#8243; gutter_size=&#8221;3&#8243; style=&#8221;dark&#8221; overlay_alpha=&#8221;50&#8243; shift_x=&#8221;0&#8243; shift_y=&#8221;0&#8243; shift_y_down=&#8221;0&#8243; z_index=&#8221;0&#8243; medium_width=&#8221;0&#8243; mobile_width=&#8221;0&#8243; width=&#8221;1\/1&#8243; uncode_shortcode_id=&#8221;107538&#8243;][vc_custom_heading uncode_shortcode_id=&#8221;431387&#8243;]Mentions l\u00e9gales[\/vc_custom_heading][\/vc_column][\/vc_row][vc_row row_height_percent=&#8221;0&#8243; override_padding=&#8221;yes&#8221; h_padding=&#8221;2&#8243; top_padding=&#8221;3&#8243; bottom_padding=&#8221;3&#8243; overlay_alpha=&#8221;50&#8243; gutter_size=&#8221;3&#8243; column_width_percent=&#8221;100&#8243; shift_y=&#8221;0&#8243; z_index=&#8221;0&#8243; uncode_shortcode_id=&#8221;560257&#8243;][vc_column width=&#8221;1\/1&#8243;][vc_column_text uncode_shortcode_id=&#8221;117936&#8243;]<\/p>\n<h2>Coordonn\u00e9es<\/h2>\n<p><strong>DigiAgriFoodCH<\/strong><br \/>\nOffice f\u00e9d\u00e9ral de l&#8217;agriculture OFAG<br \/>\nCH-3003 Berne<br \/>\nT\u00e9l\u00e9phone : +41 (0)58 462 36 95<\/p>\n<p>Courrier \u00e9lectronique : <a href=\"mailto:info@digiagrifoodch.ch\">info@digiagrifoodch.ch<\/a><br \/>\nWeb : <a href=\"http:\/\/www.blw.admin.ch\" target=\"_blank\" rel=\"noopener\">www.blw.admin.ch<\/a><\/p>\n<h3>R\u00e9alisation du site web :<\/h3>\n<p><strong>mehr.digital gmbh | Marketing en ligne de Thoune (Berne)<\/strong><br \/>\nNarzissenweg 2c<br \/>\n3612 Steffisburg<\/p>\n<p><strong>Web :<\/strong> <a href=\"https:\/\/www.mehrdigital.ch\/angebot\/website-erstellen-lassen\/\" target=\"_blank\" rel=\"noopener\">www.mehrdigital.ch<\/a><br \/>\n<strong>Courrier \u00e9lectronique :<\/strong> <a href=\"mailto:info@mehr.digital\">info@mehr.digital<\/a><br \/>\n<strong>T\u00e9l :<\/strong> <a href=\"callto:0041335356953\">+41 33 535 69 53<\/a><\/p>\n<h3>Mentions l\u00e9gales<\/h3>\n<p>Ce site utilise des cookies. Les cookies sont de petits fichiers texte qui sont stock\u00e9s de mani\u00e8re permanente ou temporaire dans votre ordinateur lorsque vous visitez ce site. L&#8217;objectif des cookies est notamment d&#8217;analyser l&#8217;utilisation de ce site \u00e0 des fins d&#8217;\u00e9valuation statistique et d&#8217;am\u00e9lioration continue. Vous pouvez \u00e0 tout moment d\u00e9sactiver tout ou partie des cookies dans les param\u00e8tres de votre navigateur. Si les cookies sont d\u00e9sactiv\u00e9s, il se peut que vous ne puissiez plus utiliser toutes les fonctions de ce site.[\/vc_column_text][\/vc_column][\/vc_row]<\/p>\n<\/div>","protected":false},"excerpt":{"rendered":"<p>[vc_row row_height_percent=&#8221;0&#8243; override_padding=&#8221;yes&#8221; h_padding=&#8221;2&#8243; top_padding=&#8221;4&#8243; bottom_padding=&#8221;4&#8243; back_color=&#8221;color-wayh&#8221; back_image=&#8221;28936&#8243; overlay_color=&#8221;color-jevc&#8221; overlay_alpha=&#8221;32&#8243; gutter_size=&#8221;3&#8243; column_width_percent=&#8221;100&#8243; shift_y=&#8221;0&#8243; z_index=&#8221;0&#8243; uncode_shortcode_id=&#8221;676506&#8243; back_color_type=&#8221;uncode-palette&#8221; overlay_color_type=&#8221;uncode-palette&#8221;][vc_column column_width_percent=&#8221;100&#8243; gutter_size=&#8221;3&#8243; style=&#8221;dark&#8221; [&hellip;]<\/p>\n","protected":false},"author":2,"featured_media":0,"parent":0,"menu_order":0,"comment_status":"closed","ping_status":"closed","template":"","meta":{"_acf_changed":false,"footnotes":""},"tags":[],"class_list":["post-29470","page","type-page","status-publish","hentry"],"acf":[],"_links":{"self":[{"href":"https:\/\/digiagrifood.ch\/fr\/wp-json\/wp\/v2\/pages\/29470","targetHints":{"allow":["GET"]}}],"collection":[{"href":"https:\/\/digiagrifood.ch\/fr\/wp-json\/wp\/v2\/pages"}],"about":[{"href":"https:\/\/digiagrifood.ch\/fr\/wp-json\/wp\/v2\/types\/page"}],"author":[{"embeddable":true,"href":"https:\/\/digiagrifood.ch\/fr\/wp-json\/wp\/v2\/users\/2"}],"replies":[{"embeddable":true,"href":"https:\/\/digiagrifood.ch\/fr\/wp-json\/wp\/v2\/comments?post=29470"}],"version-history":[{"count":3,"href":"https:\/\/digiagrifood.ch\/fr\/wp-json\/wp\/v2\/pages\/29470\/revisions"}],"predecessor-version":[{"id":35277,"href":"https:\/\/digiagrifood.ch\/fr\/wp-json\/wp\/v2\/pages\/29470\/revisions\/35277"}],"wp:attachment":[{"href":"https:\/\/digiagrifood.ch\/fr\/wp-json\/wp\/v2\/media?parent=29470"}],"wp:term":[{"taxonomy":"post_tag","embeddable":true,"href":"https:\/\/digiagrifood.ch\/fr\/wp-json\/wp\/v2\/tags?post=29470"}],"curies":[{"name":"wp","href":"https:\/\/api.w.org\/{rel}","templated":true}]}}