{"id":30626,"date":"2024-06-22T10:51:03","date_gmt":"2024-06-22T08:51:03","guid":{"rendered":"https:\/\/mehrd62.sg-host.com\/leitlinien\/"},"modified":"2024-08-29T10:27:25","modified_gmt":"2024-08-29T08:27:25","slug":"lignes-directrices","status":"publish","type":"page","link":"https:\/\/digiagrifood.ch\/fr\/charte\/lignes-directrices\/","title":{"rendered":"Lignes directrices"},"content":{"rendered":"<div class=\"wpb-content-wrapper\"><p>[vc_row row_height_percent=&#8221;45&#8243; back_color=&#8221;accent&#8221; back_image=&#8221;32793&#8243; overlay_alpha=&#8221;0&#8243; equal_height=&#8221;yes&#8221; gutter_size=&#8221;0&#8243; column_width_use_pixel=&#8221;yes&#8221; shift_y=&#8221;0&#8243; z_index=&#8221;0&#8243; row_name=&#8221;Welcome&#8221; uncode_shortcode_id=&#8221;127625&#8243; back_color_type=&#8221;uncode-palette&#8221;][vc_column column_width_use_pixel=&#8221;yes&#8221; position_vertical=&#8221;middle&#8221; align_horizontal=&#8221;align_center&#8221; gutter_size=&#8221;3&#8243; style=&#8221;dark&#8221; overlay_alpha=&#8221;50&#8243; shift_x=&#8221;0&#8243; shift_y=&#8221;0&#8243; shift_y_down=&#8221;0&#8243; z_index=&#8221;0&#8243; medium_width=&#8221;0&#8243; mobile_width=&#8221;0&#8243; width=&#8221;1\/1&#8243;][vc_row_inner row_inner_height_percent=&#8221;0&#8243; overlay_alpha=&#8221;50&#8243; gutter_size=&#8221;3&#8243; shift_y=&#8221;0&#8243; z_index=&#8221;0&#8243; limit_content=&#8221;&#8221;][vc_column_inner column_width_use_pixel=&#8221;yes&#8221; position_vertical=&#8221;middle&#8221; align_horizontal=&#8221;align_center&#8221; gutter_size=&#8221;2&#8243; style=&#8221;dark&#8221; overlay_alpha=&#8221;50&#8243; shift_x=&#8221;0&#8243; shift_y=&#8221;0&#8243; shift_y_down=&#8221;0&#8243; z_index=&#8221;0&#8243; medium_width=&#8221;0&#8243; mobile_width=&#8221;0&#8243; width=&#8221;1\/1&#8243; column_width_pixel=&#8221;740&#8243; uncode_shortcode_id=&#8221;316323&#8243;][vc_custom_heading text_color=&#8221;color-prif&#8221; heading_semantic=&#8221;h1&#8243; text_size=&#8221;fontsize-155608&#8243; css_animation=&#8221;top-t-bottom&#8221; animation_delay=&#8221;200&#8243; uncode_shortcode_id=&#8221;869025&#8243; text_color_type=&#8221;uncode-palette&#8221;]Lignes directrices[\/vc_custom_heading][\/vc_column_inner][\/vc_row_inner][\/vc_column][\/vc_row][vc_row row_height_percent=&#8221;0&#8243; override_padding=&#8221;yes&#8221; h_padding=&#8221;2&#8243; top_padding=&#8221;4&#8243; bottom_padding=&#8221;3&#8243; overlay_alpha=&#8221;50&#8243; gutter_size=&#8221;4&#8243; column_width_percent=&#8221;100&#8243; shift_y=&#8221;0&#8243; z_index=&#8221;0&#8243; el_class=&#8221;inverted-device-order&#8221; uncode_shortcode_id=&#8221;292700&#8243;][vc_column column_width_percent=&#8221;100&#8243; position_vertical=&#8221;middle&#8221; gutter_size=&#8221;3&#8243; overlay_alpha=&#8221;50&#8243; shift_x=&#8221;0&#8243; shift_y=&#8221;0&#8243; shift_y_down=&#8221;0&#8243; z_index=&#8221;0&#8243; medium_width=&#8221;0&#8243; mobile_width=&#8221;0&#8243; width=&#8221;1\/2&#8243; uncode_shortcode_id=&#8221;165320&#8243;][vc_single_image media=&#8221;31545&#8243; media_width_percent=&#8221;100&#8243; media_ratio=&#8221;one-one&#8221; alignment=&#8221;center&#8221; uncode_shortcode_id=&#8221;124634&#8243;][\/vc_column][vc_column column_width_use_pixel=&#8221;yes&#8221; position_vertical=&#8221;middle&#8221; gutter_size=&#8221;2&#8243; overlay_alpha=&#8221;50&#8243; shift_x=&#8221;0&#8243; shift_y=&#8221;0&#8243; shift_y_down=&#8221;0&#8243; z_index=&#8221;0&#8243; medium_width=&#8221;0&#8243; mobile_width=&#8221;0&#8243; width=&#8221;1\/2&#8243; column_width_pixel=&#8221;900&#8243; uncode_shortcode_id=&#8221;838231&#8243;][vc_custom_heading heading_semantic=&#8221;h3&#8243; uncode_shortcode_id=&#8221;209259&#8243;]Charte[\/vc_custom_heading][vc_column_text uncode_shortcode_id=&#8221;132460&#8243; el_class=&#8221;link_alt&#8221;]Le contenu de cette <a href=\"https:\/\/digiagrifood.ch\/wp-content\/uploads\/2024\/06\/Charta_Digitalisierung.pdf\" target=\"_blank\" rel=\"noopener\">charte<\/a> b\u00e9n\u00e9ficie d&#8217;un large soutien et a \u00e9t\u00e9 \u00e9labor\u00e9 dans le cadre d&#8217;une proc\u00e9dure de consultation ouverte avec des repr\u00e9sentants du secteur agricole et agroalimentaire. Le processus a \u00e9t\u00e9 accompagn\u00e9 par un groupe de travail compos\u00e9 de repr\u00e9sentants des branches et autorit\u00e9s concern\u00e9s. La charte est harmonis\u00e9e avec la &#8220;Strat\u00e9gie Suisse num\u00e9rique&#8221; ainsi qu&#8217;avec la &#8220;<a href=\"https:\/\/www.blw.admin.ch\/blw\/fr\/home\/politik\/digitalisierung.html\" target=\"_blank\" rel=\"noopener\">strat\u00e9gie de num\u00e9risation<\/a>&#8221; du Conseil f\u00e9d\u00e9ral et constitue une mise en \u0153uvre de cette strat\u00e9gie pour l&#8217;agriculture et le secteur agroalimentaire.<br \/>\nLa &#8220;Strat\u00e9gie Suisse num\u00e9rique&#8221; d\u00e9fend les principes suivants : l&#8217;\u00e9conomie et la soci\u00e9t\u00e9 doivent disposer d&#8217;un espace pour s&#8217;\u00e9panouir dans le num\u00e9rique ; il faut aborder activement les changements structurels qu&#8217;implique la num\u00e9risation ; et concevoir en r\u00e9seau les processus de transformation qui en d\u00e9coulent.<br \/>\nAvec sa strat\u00e9gie, le Conseil f\u00e9d\u00e9ral vise quatre objectifs cl\u00e9s :<\/p>\n<ul>\n<li>Innovation, croissance et prosp\u00e9rit\u00e9 dans le monde num\u00e9rique<\/li>\n<li>\u00c9galit\u00e9 des chances et participation de tous<\/li>\n<li>Transparence et s\u00e9curit\u00e9<\/li>\n<li>Contribution au d\u00e9veloppement durable<\/li>\n<\/ul>\n<p>En s&#8217;appuyant sur la &#8220;Strat\u00e9gie Suisse num\u00e9rique&#8221;, un dialogue est lanc\u00e9 en m\u00eame temps que la charte pour mettre en r\u00e9seau toutes les parties prenantes. Ce dialogue doit permettre de cr\u00e9er une conscience commune, d&#8217;encourager la collaboration, d&#8217;identifier les besoins d&#8217;action et, en finalement, de mettre en \u0153uvre la strat\u00e9gie.[\/vc_column_text][vc_row_inner limit_content=&#8221;&#8221;][vc_column_inner column_width_percent=&#8221;100&#8243; gutter_size=&#8221;2&#8243; overlay_alpha=&#8221;50&#8243; shift_x=&#8221;0&#8243; shift_y=&#8221;0&#8243; shift_y_down=&#8221;0&#8243; z_index=&#8221;0&#8243; medium_width=&#8221;0&#8243; mobile_width=&#8221;0&#8243; width=&#8221;1\/1&#8243; uncode_shortcode_id=&#8221;490275&#8243;][vc_button button_color=&#8221;accent&#8221; border_width=&#8221;0&#8243; display=&#8221;inline&#8221; link=&#8221;url:https%3A%2F%2Fdigiagrifood.ch%2Fwp-content%2Fuploads%2F2024%2F08%2FCharte-numerisation-fr.pdf|target:_blank&#8221; button_color_type=&#8221;uncode-palette&#8221; uncode_shortcode_id=&#8221;191437&#8243;]T\u00e9l\u00e9charger la charte[\/vc_button][vc_button button_color=&#8221;accent&#8221; outline=&#8221;yes&#8221; border_width=&#8221;0&#8243; display=&#8221;inline&#8221; link=&#8221;url:http%3A%2F%2Fmehrd62.sg-host.com%2Fwp-content%2Fuploads%2F2024%2F06%2FUnterzeichnungsformular-Charta-Digitalisierung-d-f-i.pdf|target:_blank|&#8221; button_color_type=&#8221;uncode-palette&#8221; uncode_shortcode_id=&#8221;350162&#8243;]Formulaire de signature de la charte[\/vc_button][\/vc_column_inner][\/vc_row_inner][\/vc_column][\/vc_row][vc_row row_height_percent=&#8221;0&#8243; overlay_alpha=&#8221;50&#8243; gutter_size=&#8221;3&#8243; column_width_percent=&#8221;100&#8243; shift_y=&#8221;0&#8243; z_index=&#8221;0&#8243; uncode_shortcode_id=&#8221;181590&#8243;][vc_column column_width_percent=&#8221;100&#8243; gutter_size=&#8221;3&#8243; overlay_alpha=&#8221;50&#8243; shift_x=&#8221;0&#8243; shift_y=&#8221;0&#8243; shift_y_down=&#8221;0&#8243; z_index=&#8221;0&#8243; medium_width=&#8221;0&#8243; mobile_width=&#8221;0&#8243; width=&#8221;1\/1&#8243; uncode_shortcode_id=&#8221;189180&#8243; css=&#8221;.vc_custom_1724151077950{border-bottom-width: 2px !important;padding-bottom: 2px !important;}&#8221;][vc_custom_heading heading_semantic=&#8221;h3&#8243; uncode_shortcode_id=&#8221;207420&#8243;]Lignes directrices[\/vc_custom_heading][vc_column_text uncode_shortcode_id=&#8221;138654&#8243; el_class=&#8221;link_alt&#8221; css=&#8221;.vc_custom_1724920034233{margin-top: 2px !important;margin-bottom: 20px !important;}&#8221;]Les douze lignes directrices suivantes sur l&#8217;utilisation des donn\u00e9es et des applications num\u00e9riques concr\u00e9tisent et compl\u00e8tent les champs d&#8217;action et les objectifs pertinents de la &#8220;Strat\u00e9gie Suisse num\u00e9rique&#8221; pour l&#8217;agriculture et le secteur agroalimentaire. Toutes les lignes directrices ont la m\u00eame importance.[\/vc_column_text][\/vc_column][\/vc_row][vc_row row_height_percent=&#8221;0&#8243; override_padding=&#8221;yes&#8221; h_padding=&#8221;2&#8243; top_padding=&#8221;4&#8243; bottom_padding=&#8221;3&#8243; overlay_alpha=&#8221;50&#8243; gutter_size=&#8221;4&#8243; column_width_percent=&#8221;100&#8243; shift_y=&#8221;0&#8243; z_index=&#8221;0&#8243; el_class=&#8221;inverted-device-order&#8221; uncode_shortcode_id=&#8221;292700&#8243;][vc_column column_width_use_pixel=&#8221;yes&#8221; position_vertical=&#8221;middle&#8221; gutter_size=&#8221;2&#8243; overlay_alpha=&#8221;50&#8243; shift_x=&#8221;0&#8243; shift_y=&#8221;0&#8243; shift_y_down=&#8221;0&#8243; z_index=&#8221;0&#8243; medium_width=&#8221;0&#8243; mobile_width=&#8221;0&#8243; width=&#8221;1\/2&#8243; column_width_pixel=&#8221;900&#8243; uncode_shortcode_id=&#8221;838231&#8243;][vc_custom_heading heading_semantic=&#8221;h3&#8243; uncode_shortcode_id=&#8221;179443&#8243;]I <strong>L&#8217;utilit\u00e9 au premier plan <\/strong>[\/vc_custom_heading][vc_column_text uncode_shortcode_id=&#8221;130514&#8243; el_class=&#8221;link_alt&#8221; css=&#8221;.vc_custom_1724140612002{margin-top: 2px !important;margin-bottom: 20px !important;}&#8221;]Nous nous engageons \u00e0 ce que la num\u00e9risation renforce la durabilit\u00e9 et la comp\u00e9titivit\u00e9 des acteurs tout au long de la cha\u00eene de valeur, augmente l&#8217;efficacit\u00e9 de la Conf\u00e9d\u00e9ration et des cantons, r\u00e9duise les charges administratives et am\u00e9liore encore le bien-\u00eatre des animaux, la protection des ressources naturelles et l&#8217;efficacit\u00e9 des ressources.[\/vc_column_text][vc_custom_heading heading_semantic=&#8221;h3&#8243; uncode_shortcode_id=&#8221;368921&#8243;]II <strong>Transparence <\/strong>[\/vc_custom_heading][vc_column_text uncode_shortcode_id=&#8221;123023&#8243; el_class=&#8221;link_alt&#8221; css=&#8221;.vc_custom_1724140626655{margin-top: 2px !important;margin-bottom: 20px !important;}&#8221;]Nous voulons que les acteurs aient acc\u00e8s aux informations sur l&#8217;utilisation de leurs donn\u00e9es et nous voulons les informer de l&#8217;existence des plateformes de donn\u00e9es et de leur utilisation.[\/vc_column_text][vc_custom_heading heading_semantic=&#8221;h3&#8243; uncode_shortcode_id=&#8221;208421&#8243;]III <strong>Acc\u00e8s aux donn\u00e9es <\/strong>[\/vc_custom_heading][vc_column_text uncode_shortcode_id=&#8221;211389&#8243; el_class=&#8221;link_alt&#8221; css=&#8221;.vc_custom_1724143546540{margin-top: 2px !important;margin-bottom: 20px !important;}&#8221;]Nous encourageons le libre acc\u00e8s aux donn\u00e9es anonymis\u00e9es.<br \/>\nL&#8217;acc\u00e8s aux donn\u00e9es non anonymis\u00e9es ne doit \u00eatre possible qu&#8217;apr\u00e8s validation par les acteurs qui ont g\u00e9n\u00e9r\u00e9 les donn\u00e9es.[\/vc_column_text][vc_custom_heading heading_semantic=&#8221;h3&#8243; uncode_shortcode_id=&#8221;688590&#8243;]IV <strong>Comp\u00e9tence <\/strong>[\/vc_custom_heading][vc_column_text uncode_shortcode_id=&#8221;168287&#8243; el_class=&#8221;link_alt&#8221; css=&#8221;.vc_custom_1724140639280{margin-top: 2px !important;margin-bottom: 20px !important;}&#8221;]Nous soutenons l&#8217;utilisation des donn\u00e9es par un \u00e9change ouvert via des interfaces d\u00e9finies et voulons ainsi permettre aux acteurs d&#8217;exploiter le grand potentiel de cr\u00e9ation de valeur des donn\u00e9es.[\/vc_column_text][vc_custom_heading heading_semantic=&#8221;h3&#8243; uncode_shortcode_id=&#8221;852334&#8243;]V <strong>Libre concurrence <\/strong>[\/vc_custom_heading][vc_column_text uncode_shortcode_id=&#8221;107025&#8243; el_class=&#8221;link_alt&#8221; css=&#8221;.vc_custom_1724140660632{margin-top: 2px !important;margin-bottom: 20px !important;}&#8221;]Nous nous engageons en faveur d&#8217;une concurrence loyale entre les fournisseurs, au b\u00e9n\u00e9fice des acteurs de la cha\u00eene de valeur.[\/vc_column_text][vc_custom_heading heading_semantic=&#8221;h3&#8243; uncode_shortcode_id=&#8221;124305&#8243;]VI <strong>Valeur des donn\u00e9es <\/strong>[\/vc_custom_heading][vc_column_text uncode_shortcode_id=&#8221;118647&#8243; el_class=&#8221;link_alt&#8221; css=&#8221;.vc_custom_1724140669985{margin-top: 2px !important;}&#8221;]Nous d\u00e9fendons la position selon laquelle les donn\u00e9es ont une valeur.<br \/>\nLes acteurs qui mettent leurs donn\u00e9es \u00e0 disposition ne doivent pas en \u00eatre p\u00e9nalis\u00e9s, mais doivent pouvoir en tirer un b\u00e9n\u00e9fice.[\/vc_column_text][vc_custom_heading heading_semantic=&#8221;h3&#8243; uncode_shortcode_id=&#8221;797617&#8243;]VII <strong>Souverainet\u00e9 des donn\u00e9es <\/strong>[\/vc_custom_heading][vc_column_text uncode_shortcode_id=&#8221;118700&#8243; el_class=&#8221;link_alt&#8221; css=&#8221;.vc_custom_1724140728590{margin-top: 2px !important;margin-bottom: 20px !important;}&#8221;]Nous d\u00e9fendons le principe selon lequel les donn\u00e9es g\u00e9n\u00e9r\u00e9es par les acteurs et mises \u00e0 disposition sur les plateformes de donn\u00e9es ne peuvent \u00eatre utilis\u00e9es qu&#8217;\u00e0 des fins express\u00e9ment d\u00e9finies et ne peuvent \u00eatre transmises \u00e0 des tiers sans autorisation.[\/vc_column_text][vc_custom_heading heading_semantic=&#8221;h3&#8243; uncode_shortcode_id=&#8221;355220&#8243;]VIII <strong>Infrastructure de transmission des donn\u00e9es <\/strong>[\/vc_custom_heading][vc_column_text uncode_shortcode_id=&#8221;235337&#8243; el_class=&#8221;link_alt&#8221; css=&#8221;.vc_custom_1724140746465{margin-top: 2px !important;margin-bottom: 20px !important;}&#8221;]Nous nous effor\u00e7ons de faire en sorte que les applications et les infrastructures n\u00e9cessaires soient d\u00e9velopp\u00e9es et \u00e9tendues de mani\u00e8re cibl\u00e9e afin de r\u00e9pondre aux exigences d&#8217;une utilisation des donn\u00e9es dans le plus grand nombre possible de r\u00e9gions de Suisse.[\/vc_column_text][\/vc_column][vc_column column_width_percent=&#8221;100&#8243; position_vertical=&#8221;middle&#8221; gutter_size=&#8221;3&#8243; overlay_alpha=&#8221;50&#8243; shift_x=&#8221;0&#8243; shift_y=&#8221;0&#8243; shift_y_down=&#8221;0&#8243; z_index=&#8221;0&#8243; medium_width=&#8221;0&#8243; mobile_width=&#8221;0&#8243; width=&#8221;1\/2&#8243; uncode_shortcode_id=&#8221;165320&#8243;][vc_single_image media=&#8221;32375&#8243; media_width_percent=&#8221;100&#8243; uncode_shortcode_id=&#8221;200464&#8243;][vc_custom_heading heading_semantic=&#8221;h3&#8243; uncode_shortcode_id=&#8221;184589&#8243;]IX <strong>Valeur ajout\u00e9e par la mise en r\u00e9seau des donn\u00e9es <\/strong>[\/vc_custom_heading][vc_column_text uncode_shortcode_id=&#8221;826819&#8243; el_class=&#8221;link_alt&#8221; css=&#8221;.vc_custom_1724140717663{margin-top: 2px !important;margin-bottom: 20px !important;}&#8221;]Nous nous engageons \u00e0 utiliser des formats de donn\u00e9es et des interfaces standardis\u00e9s.<br \/>\nNous reconnaissons et utilisons les donn\u00e9es ma\u00eetres et les formats de transmission de la Conf\u00e9d\u00e9ration.<br \/>\nCela permet d&#8217;interconnecter les donn\u00e9es et de g\u00e9n\u00e9rer de la valeur ajout\u00e9e.[\/vc_column_text][vc_custom_heading heading_semantic=&#8221;h3&#8243; uncode_shortcode_id=&#8221;786921&#8243;]X <strong>Devoir de diligence <\/strong>[\/vc_custom_heading][vc_column_text uncode_shortcode_id=&#8221;539735&#8243; el_class=&#8221;link_alt&#8221; css=&#8221;.vc_custom_1724140697967{margin-top: 2px !important;margin-bottom: 20px !important;}&#8221;]Nous nous effor\u00e7ons de sensibiliser les acteurs aux obligations des entreprises en mati\u00e8re de traitement consciencieux de leurs donn\u00e9es et de leur faire assumer cette responsabilit\u00e9.[\/vc_column_text][vc_custom_heading heading_semantic=&#8221;h3&#8243; uncode_shortcode_id=&#8221;111690&#8243;]XI <strong>Recherche, transfert de connaissances et innovation <\/strong>[\/vc_custom_heading][vc_column_text uncode_shortcode_id=&#8221;143948&#8243; el_class=&#8221;link_alt&#8221; css=&#8221;.vc_custom_1724140688538{margin-top: 2px !important;margin-bottom: 20px !important;}&#8221;]Nous soutenons les activit\u00e9s de recherche, les services de formation continue et de conseil adapt\u00e9s aux groupes cibles ainsi que les id\u00e9es commerciales innovantes.<br \/>\nIl s&#8217;agit d&#8217;exploiter les synergies, de mettre en commun les ressources et de transf\u00e9rer les connaissances afin de stimuler l&#8217;innovation.[\/vc_column_text][vc_custom_heading heading_semantic=&#8221;h3&#8243; uncode_shortcode_id=&#8221;136568&#8243;]XII<strong> D\u00e9veloppement technologique <\/strong>[\/vc_custom_heading][vc_column_text uncode_shortcode_id=&#8221;167913&#8243; el_class=&#8221;link_alt&#8221; css=&#8221;.vc_custom_1724140678287{margin-top: 2px !important;}&#8221;]Nous encourageons le d\u00e9veloppement d&#8217;applications et de technologies afin de cr\u00e9er des avantages tangibles de la num\u00e9risation pour les acteurs de la cha\u00eene de valeur.[\/vc_column_text][\/vc_column][\/vc_row]<\/p>\n<\/div>","protected":false},"excerpt":{"rendered":"<p>[vc_row row_height_percent=&#8221;45&#8243; back_color=&#8221;accent&#8221; back_image=&#8221;32793&#8243; overlay_alpha=&#8221;0&#8243; equal_height=&#8221;yes&#8221; gutter_size=&#8221;0&#8243; column_width_use_pixel=&#8221;yes&#8221; shift_y=&#8221;0&#8243; z_index=&#8221;0&#8243; row_name=&#8221;Welcome&#8221; uncode_shortcode_id=&#8221;127625&#8243; back_color_type=&#8221;uncode-palette&#8221;][vc_column column_width_use_pixel=&#8221;yes&#8221; position_vertical=&#8221;middle&#8221; align_horizontal=&#8221;align_center&#8221; gutter_size=&#8221;3&#8243; style=&#8221;dark&#8221; overlay_alpha=&#8221;50&#8243; shift_x=&#8221;0&#8243; [&hellip;]<\/p>\n","protected":false},"author":2,"featured_media":0,"parent":29435,"menu_order":0,"comment_status":"closed","ping_status":"closed","template":"","meta":{"_acf_changed":false,"footnotes":""},"tags":[],"class_list":["post-30626","page","type-page","status-publish","hentry"],"acf":[],"_links":{"self":[{"href":"https:\/\/digiagrifood.ch\/fr\/wp-json\/wp\/v2\/pages\/30626","targetHints":{"allow":["GET"]}}],"collection":[{"href":"https:\/\/digiagrifood.ch\/fr\/wp-json\/wp\/v2\/pages"}],"about":[{"href":"https:\/\/digiagrifood.ch\/fr\/wp-json\/wp\/v2\/types\/page"}],"author":[{"embeddable":true,"href":"https:\/\/digiagrifood.ch\/fr\/wp-json\/wp\/v2\/users\/2"}],"replies":[{"embeddable":true,"href":"https:\/\/digiagrifood.ch\/fr\/wp-json\/wp\/v2\/comments?post=30626"}],"version-history":[{"count":17,"href":"https:\/\/digiagrifood.ch\/fr\/wp-json\/wp\/v2\/pages\/30626\/revisions"}],"predecessor-version":[{"id":33228,"href":"https:\/\/digiagrifood.ch\/fr\/wp-json\/wp\/v2\/pages\/30626\/revisions\/33228"}],"up":[{"embeddable":true,"href":"https:\/\/digiagrifood.ch\/fr\/wp-json\/wp\/v2\/pages\/29435"}],"wp:attachment":[{"href":"https:\/\/digiagrifood.ch\/fr\/wp-json\/wp\/v2\/media?parent=30626"}],"wp:term":[{"taxonomy":"post_tag","embeddable":true,"href":"https:\/\/digiagrifood.ch\/fr\/wp-json\/wp\/v2\/tags?post=30626"}],"curies":[{"name":"wp","href":"https:\/\/api.w.org\/{rel}","templated":true}]}}