{"id":30632,"date":"2024-06-20T11:14:52","date_gmt":"2024-06-20T09:14:52","guid":{"rendered":"https:\/\/mehrd62.sg-host.com\/traegerschaft\/"},"modified":"2026-04-17T17:53:11","modified_gmt":"2026-04-17T15:53:11","slug":"organisme-responsable","status":"publish","type":"page","link":"https:\/\/digiagrifood.ch\/fr\/a-propos-de-nous\/organisations-participantes\/","title":{"rendered":"Organisations participantes"},"content":{"rendered":"<div class=\"wpb-content-wrapper\"><p>[vc_row row_height_percent=&#8221;45&#8243; back_color=&#8221;accent&#8221; back_image=&#8221;32797&#8243; overlay_alpha=&#8221;0&#8243; equal_height=&#8221;yes&#8221; gutter_size=&#8221;0&#8243; column_width_use_pixel=&#8221;yes&#8221; shift_y=&#8221;0&#8243; z_index=&#8221;0&#8243; row_name=&#8221;Welcome&#8221; uncode_shortcode_id=&#8221;172763&#8243; back_color_type=&#8221;uncode-palette&#8221;][vc_column column_width_use_pixel=&#8221;yes&#8221; position_vertical=&#8221;middle&#8221; align_horizontal=&#8221;align_center&#8221; gutter_size=&#8221;3&#8243; style=&#8221;dark&#8221; overlay_alpha=&#8221;50&#8243; shift_x=&#8221;0&#8243; shift_y=&#8221;0&#8243; shift_y_down=&#8221;0&#8243; z_index=&#8221;0&#8243; medium_width=&#8221;0&#8243; mobile_width=&#8221;0&#8243; width=&#8221;1\/1&#8243;][vc_row_inner row_inner_height_percent=&#8221;0&#8243; overlay_alpha=&#8221;50&#8243; gutter_size=&#8221;3&#8243; shift_y=&#8221;0&#8243; z_index=&#8221;0&#8243;][vc_column_inner column_width_use_pixel=&#8221;yes&#8221; position_vertical=&#8221;middle&#8221; align_horizontal=&#8221;align_center&#8221; gutter_size=&#8221;2&#8243; style=&#8221;dark&#8221; overlay_alpha=&#8221;50&#8243; shift_x=&#8221;0&#8243; shift_y=&#8221;0&#8243; shift_y_down=&#8221;0&#8243; z_index=&#8221;0&#8243; medium_width=&#8221;0&#8243; mobile_width=&#8221;0&#8243; width=&#8221;1\/1&#8243; column_width_pixel=&#8221;740&#8243; uncode_shortcode_id=&#8221;316323&#8243;][vc_custom_heading text_color=&#8221;color-prif&#8221; heading_semantic=&#8221;h1&#8243; text_size=&#8221;fontsize-155608&#8243; uncode_shortcode_id=&#8221;574831&#8243; text_color_type=&#8221;uncode-palette&#8221;]Organisations participantes[\/vc_custom_heading][vc_column_text text_lead=&#8221;yes&#8221; text_color=&#8221;color-prif&#8221; uncode_shortcode_id=&#8221;176297&#8243; text_color_type=&#8221;uncode-palette&#8221;]La communaut\u00e9 de la charte est parrain\u00e9e par les institutions, associations et organisations signataires.[\/vc_column_text][\/vc_column_inner][\/vc_row_inner][\/vc_column][\/vc_row][vc_row row_height_percent=&#8221;0&#8243; override_padding=&#8221;yes&#8221; h_padding=&#8221;2&#8243; top_padding=&#8221;4&#8243; bottom_padding=&#8221;3&#8243; overlay_alpha=&#8221;50&#8243; gutter_size=&#8221;4&#8243; column_width_percent=&#8221;100&#8243; shift_y=&#8221;0&#8243; z_index=&#8221;0&#8243; uncode_shortcode_id=&#8221;141703&#8243;][vc_column column_width_percent=&#8221;100&#8243; gutter_size=&#8221;3&#8243; overlay_alpha=&#8221;50&#8243; shift_x=&#8221;0&#8243; shift_y=&#8221;0&#8243; shift_y_down=&#8221;0&#8243; z_index=&#8221;0&#8243; medium_width=&#8221;7&#8243; mobile_width=&#8221;7&#8243; width=&#8221;1\/1&#8243; uncode_shortcode_id=&#8221;775383&#8243;][vc_column_text text_lead=&#8221;yes&#8221; uncode_shortcode_id=&#8221;212855&#8243;]Les organisations suivantes ont d\u00e9j\u00e0 sign\u00e9 la charte:[\/vc_column_text][vc_gallery el_id=&#8221;gallery-158732&#8243; isotope_mode=&#8221;fitRows&#8221; random=&#8221;yes&#8221; medias=&#8221;29762,29694,29658,29662,29666,29670,29674,36112,29682,29686,29690,29698,29702,29706,29710,29714,29718,29722,29726,29730,29734,29738,29742,29746,29750,29754,29758,29766,29770,29774,29778,29782,29786,29790,29794,29798,29802,29806,29810,29814,29818,29822,29826,29830,29834,29838,29847,29851,29855,29859,29863,29867,29871,29875,29879,29883,29887,29891,29895,29899,29903,29907,29911,29915,29919,29923,29927,29931,29935,29939,29943,29947,29951,29955,29959,29963,29967,29971,29975,29979,29983,29987,29991,29995,29999,30003,30007,30011,30015,30019,30023,30027,30031,30035,30039,30043,30047,30051,30055,30059,30063,30067,30071,30075,30079,30083,30087,30091,30095,30099,30103,30107,30111,30115,30119,30123,30127,30131,30135,30139,30143,35048,36113&#8243; gutter_size=&#8221;3&#8243; media_items=&#8221;media|nolink|original&#8221; screen_lg=&#8221;1000&#8243; screen_md=&#8221;600&#8243; screen_sm=&#8221;480&#8243; single_text=&#8221;under&#8221; single_width=&#8221;2&#8243; single_overlay_opacity=&#8221;50&#8243; single_overlay_anim=&#8221;no&#8221; single_text_anim=&#8221;no&#8221; single_image_anim=&#8221;no&#8221; single_reduced=&#8221;half&#8221; single_h_position=&#8221;center&#8221; single_padding=&#8221;2&#8243; single_border=&#8221;yes&#8221; uncode_shortcode_id=&#8221;114080&#8243;][\/vc_column][\/vc_row]<\/p>\n<\/div>","protected":false},"excerpt":{"rendered":"<p>[vc_row row_height_percent=&#8221;45&#8243; back_color=&#8221;accent&#8221; back_image=&#8221;32797&#8243; overlay_alpha=&#8221;0&#8243; equal_height=&#8221;yes&#8221; gutter_size=&#8221;0&#8243; column_width_use_pixel=&#8221;yes&#8221; shift_y=&#8221;0&#8243; z_index=&#8221;0&#8243; row_name=&#8221;Welcome&#8221; uncode_shortcode_id=&#8221;172763&#8243; back_color_type=&#8221;uncode-palette&#8221;][vc_column column_width_use_pixel=&#8221;yes&#8221; position_vertical=&#8221;middle&#8221; align_horizontal=&#8221;align_center&#8221; gutter_size=&#8221;3&#8243; style=&#8221;dark&#8221; overlay_alpha=&#8221;50&#8243; shift_x=&#8221;0&#8243; [&hellip;]<\/p>\n","protected":false},"author":2,"featured_media":0,"parent":29399,"menu_order":0,"comment_status":"closed","ping_status":"closed","template":"","meta":{"_acf_changed":false,"footnotes":""},"tags":[],"class_list":["post-30632","page","type-page","status-publish","hentry"],"acf":[],"_links":{"self":[{"href":"https:\/\/digiagrifood.ch\/fr\/wp-json\/wp\/v2\/pages\/30632","targetHints":{"allow":["GET"]}}],"collection":[{"href":"https:\/\/digiagrifood.ch\/fr\/wp-json\/wp\/v2\/pages"}],"about":[{"href":"https:\/\/digiagrifood.ch\/fr\/wp-json\/wp\/v2\/types\/page"}],"author":[{"embeddable":true,"href":"https:\/\/digiagrifood.ch\/fr\/wp-json\/wp\/v2\/users\/2"}],"replies":[{"embeddable":true,"href":"https:\/\/digiagrifood.ch\/fr\/wp-json\/wp\/v2\/comments?post=30632"}],"version-history":[{"count":19,"href":"https:\/\/digiagrifood.ch\/fr\/wp-json\/wp\/v2\/pages\/30632\/revisions"}],"predecessor-version":[{"id":36134,"href":"https:\/\/digiagrifood.ch\/fr\/wp-json\/wp\/v2\/pages\/30632\/revisions\/36134"}],"up":[{"embeddable":true,"href":"https:\/\/digiagrifood.ch\/fr\/wp-json\/wp\/v2\/pages\/29399"}],"wp:attachment":[{"href":"https:\/\/digiagrifood.ch\/fr\/wp-json\/wp\/v2\/media?parent=30632"}],"wp:term":[{"taxonomy":"post_tag","embeddable":true,"href":"https:\/\/digiagrifood.ch\/fr\/wp-json\/wp\/v2\/tags?post=30632"}],"curies":[{"name":"wp","href":"https:\/\/api.w.org\/{rel}","templated":true}]}}