{"id":31133,"date":"2024-07-15T13:47:24","date_gmt":"2024-07-15T11:47:24","guid":{"rendered":"https:\/\/digiagrifood.ch\/digiblogs\/"},"modified":"2024-08-26T14:09:09","modified_gmt":"2024-08-26T12:09:09","slug":"digiblogs","status":"publish","type":"page","link":"https:\/\/digiagrifood.ch\/fr\/digiknowhow\/","title":{"rendered":"DigiKnowhow"},"content":{"rendered":"<div class=\"wpb-content-wrapper\"><p>[vc_row row_height_percent=&#8221;45&#8243; back_color=&#8221;color-xsdn&#8221; back_image=&#8221;32786&#8243; overlay_alpha=&#8221;40&#8243; equal_height=&#8221;yes&#8221; gutter_size=&#8221;0&#8243; column_width_use_pixel=&#8221;yes&#8221; shift_y=&#8221;0&#8243; z_index=&#8221;0&#8243; row_name=&#8221;Welcome&#8221; uncode_shortcode_id=&#8221;210618&#8243; back_color_type=&#8221;uncode-palette&#8221; back_size=&#8221;cover&#8221;][vc_column column_width_use_pixel=&#8221;yes&#8221; position_vertical=&#8221;middle&#8221; align_horizontal=&#8221;align_center&#8221; gutter_size=&#8221;3&#8243; style=&#8221;dark&#8221; overlay_alpha=&#8221;50&#8243; shift_x=&#8221;0&#8243; shift_y=&#8221;0&#8243; shift_y_down=&#8221;0&#8243; z_index=&#8221;0&#8243; medium_width=&#8221;0&#8243; mobile_width=&#8221;0&#8243; width=&#8221;1\/1&#8243;][vc_row_inner row_inner_height_percent=&#8221;0&#8243; overlay_alpha=&#8221;50&#8243; gutter_size=&#8221;3&#8243; shift_y=&#8221;0&#8243; z_index=&#8221;0&#8243; limit_content=&#8221;&#8221;][vc_column_inner column_width_use_pixel=&#8221;yes&#8221; position_vertical=&#8221;middle&#8221; align_horizontal=&#8221;align_center&#8221; gutter_size=&#8221;2&#8243; style=&#8221;light&#8221; overlay_alpha=&#8221;50&#8243; shift_x=&#8221;0&#8243; shift_y=&#8221;0&#8243; shift_y_down=&#8221;0&#8243; z_index=&#8221;0&#8243; medium_width=&#8221;0&#8243; mobile_width=&#8221;0&#8243; width=&#8221;1\/1&#8243; column_width_pixel=&#8221;740&#8243; uncode_shortcode_id=&#8221;486677&#8243;][vc_custom_heading heading_semantic=&#8221;h1&#8243; text_size=&#8221;fontsize-155608&#8243; css_animation=&#8221;top-t-bottom&#8221; animation_delay=&#8221;200&#8243; uncode_shortcode_id=&#8221;178972&#8243;]DigiKnowhow[\/vc_custom_heading][vc_column_text uncode_shortcode_id=&#8221;200544&#8243;]Vous trouverez ici toutes les informations utiles sur la num\u00e9risation : des liens aux normes de donn\u00e9es en passant par la strat\u00e9gie de num\u00e9risation.[\/vc_column_text][\/vc_column_inner][\/vc_row_inner][\/vc_column][\/vc_row][vc_row][vc_column width=&#8221;1\/2&#8243;][vc_custom_heading uncode_shortcode_id=&#8221;132406&#8243;]DigiLiens[\/vc_custom_heading][vc_column_text uncode_shortcode_id=&#8221;176715&#8243;]Sous &#8220;DigiLiens&#8221;, vous trouverez des liens utiles vers des sites Web contenant des informations, des technologies, des services, des blogs et bien plus encore. &#8220;DigiLiens&#8221; est mis \u00e0 jour en permanence. Les acteurs du secteur agroalimentaire suisse peuvent compl\u00e9ter la collection.[\/vc_column_text][vc_button border_width=&#8221;0&#8243; link=&#8221;url:https%3A%2F%2Fdigiagrifood.ch%2Ffr%2Fdigiknowhow%2Fdigiliens%2F|title:DigiLiens|&#8221; uncode_shortcode_id=&#8221;190187&#8243;]Continuer vers &#8220;DigiLiens&#8221;[\/vc_button][\/vc_column][vc_column width=&#8221;1\/2&#8243;][vc_single_image media=&#8221;31545&#8243; media_width_percent=&#8221;70&#8243; alignment=&#8221;right&#8221; uncode_shortcode_id=&#8221;149338&#8243;][\/vc_column][\/vc_row][vc_row][vc_column width=&#8221;1\/2&#8243;][vc_single_image media=&#8221;31428&#8243; media_width_percent=&#8221;70&#8243; uncode_shortcode_id=&#8221;720963&#8243;][\/vc_column][vc_column width=&#8221;1\/2&#8243;][vc_custom_heading uncode_shortcode_id=&#8221;435349&#8243;]Strat\u00e9gie de num\u00e9risation du secteur agroalimentaire suisse[\/vc_custom_heading][vc_column_text uncode_shortcode_id=&#8221;152318&#8243;]<strong>La vision:<\/strong> \u00abL\u2019agriculture et le secteur agro-alimentaire suisse ont v\u00e9cu une transition num\u00e9rique. L\u2019OFAG permet l\u2019\u00e9mergence de solutions conviviales, s\u00fbres et \u00e0 valeur ajout\u00e9e. Avec le soutien de ses partenaires, l\u2019office d\u00e9veloppe une agriculture et un secteur agro-alimentaire bas\u00e9s sur les donn\u00e9es ainsi qu\u2019une politique agricole simplifi\u00e9e sur le plan administratif.\u00bb[\/vc_column_text][vc_button border_width=&#8221;0&#8243; link=&#8221;url:https%3A%2F%2Fdigiagrifood.ch%2Ffr%2Fa-propos-de-nous%2Fstrategie-de-numerisation%2F|title:Strat%C3%A9gie%20de%20num%C3%A9risation|&#8221; uncode_shortcode_id=&#8221;189485&#8243;]Continuer vers &#8220;Strat\u00e9gie de num\u00e9risation&#8221;[\/vc_button][\/vc_column][\/vc_row][vc_row][vc_column width=&#8221;1\/2&#8243;][vc_custom_heading uncode_shortcode_id=&#8221;103545&#8243;]DigiAgriFoodCH[\/vc_custom_heading][vc_column_text uncode_shortcode_id=&#8221;156588&#8243;]Pour g\u00e9n\u00e9rer de la valeur ajout\u00e9e \u00e0 partir des donn\u00e9es du secteur agroalimentaire suisse, plusieurs mesures doivent \u00eatre mises en \u0153uvre. Six d&#8217;entre elles sont reprises dans le cadre du programme de transformation #DigiAgriFoodCH. La mise en \u0153uvre de ces mesures constitue la base de la transformation num\u00e9rique de l&#8217;ensemble du secteur.[\/vc_column_text][vc_button border_width=&#8221;0&#8243; link=&#8221;url:https%3A%2F%2Fdigiagrifood.ch%2Ffr%2Fdigiknowhow%2Fdigiagrifoodch%2F|title:Programme%20DigiAgriFoodCH|&#8221; uncode_shortcode_id=&#8221;185726&#8243;]Continuer vers le &#8220;Programme DigiAgriFoodCH&#8221;.[\/vc_button][\/vc_column][vc_column width=&#8221;1\/2&#8243;][vc_single_image media=&#8221;32335&#8243; media_width_percent=&#8221;70&#8243; alignment=&#8221;right&#8221; uncode_shortcode_id=&#8221;363297&#8243;][\/vc_column][\/vc_row][vc_row][vc_column width=&#8221;1\/2&#8243;][vc_single_image media=&#8221;32339&#8243; media_width_percent=&#8221;70&#8243; uncode_shortcode_id=&#8221;880404&#8243;][\/vc_column][vc_column width=&#8221;1\/2&#8243;][vc_custom_heading uncode_shortcode_id=&#8221;368579&#8243;]Normes concernant les donn\u00e9es[\/vc_custom_heading][vc_column_text uncode_shortcode_id=&#8221;135293&#8243;]Le centre de comp\u00e9tence pour la transformation num\u00e9rique de l&#8217;OFAG dirige et accompagne le groupe sp\u00e9cialis\u00e9 eCH Donn\u00e9es agricoles. Il contribue \u00e0 ce que les diff\u00e9rents acteurs du secteur agroalimentaire puissent \u00e9changer des donn\u00e9es num\u00e9riques sur une base unifi\u00e9e.[\/vc_column_text][vc_button border_width=&#8221;0&#8243; link=&#8221;url:https%3A%2F%2Fdigiagrifood.ch%2Ffr%2Fdigiknowhow%2Fnormes_concernant_les_donnees%2F|title:Normes%20concernant%20les%20donn%C3%A9es|&#8221; uncode_shortcode_id=&#8221;210732&#8243;]Continuer vers &#8220;Normes concernant les donn\u00e9es&#8221;[\/vc_button][\/vc_column][\/vc_row][vc_row][vc_column width=&#8221;1\/2&#8243;][vc_custom_heading uncode_shortcode_id=&#8221;634592&#8243;]Donn\u00e9es de base[\/vc_custom_heading][vc_column_text uncode_shortcode_id=&#8221;856381&#8243;]Les donn\u00e9es de base d\u00e9finissent et d\u00e9crivent les unit\u00e9s commerciales centrales qui sont essentielles \u00e0 la r\u00e9ussite de la collaboration num\u00e9rique. Elles sont valables en permanence ou restent au moins inchang\u00e9es pendant une longue p\u00e9riode. Elles sont stock\u00e9es et utilis\u00e9es \u00e0 long terme par tous les acteurs du secteur agroalimentaire.[\/vc_column_text][vc_button border_width=&#8221;0&#8243; link=&#8221;url:https%3A%2F%2Fdigiagrifood.ch%2Ffr%2Fdigiknowhow%2Fdonneesdebase%2F|title:Donn%C3%A9es%20de%20base&#8221; uncode_shortcode_id=&#8221;158068&#8243;]Continuer vers &#8220;Donn\u00e9es de base&#8221;[\/vc_button][\/vc_column][vc_column width=&#8221;1\/2&#8243;][vc_single_image media=&#8221;32375&#8243; media_width_percent=&#8221;70&#8243; alignment=&#8221;right&#8221; uncode_shortcode_id=&#8221;206514&#8243;][\/vc_column][\/vc_row]<\/p>\n<\/div>","protected":false},"excerpt":{"rendered":"<p>[vc_row row_height_percent=&#8221;45&#8243; back_color=&#8221;color-xsdn&#8221; back_image=&#8221;32786&#8243; overlay_alpha=&#8221;40&#8243; equal_height=&#8221;yes&#8221; gutter_size=&#8221;0&#8243; column_width_use_pixel=&#8221;yes&#8221; shift_y=&#8221;0&#8243; z_index=&#8221;0&#8243; row_name=&#8221;Welcome&#8221; uncode_shortcode_id=&#8221;210618&#8243; back_color_type=&#8221;uncode-palette&#8221; back_size=&#8221;cover&#8221;][vc_column column_width_use_pixel=&#8221;yes&#8221; position_vertical=&#8221;middle&#8221; align_horizontal=&#8221;align_center&#8221; gutter_size=&#8221;3&#8243; style=&#8221;dark&#8221; overlay_alpha=&#8221;50&#8243; [&hellip;]<\/p>\n","protected":false},"author":2,"featured_media":0,"parent":0,"menu_order":0,"comment_status":"closed","ping_status":"closed","template":"","meta":{"_acf_changed":false,"footnotes":""},"tags":[],"class_list":["post-31133","page","type-page","status-publish","hentry"],"acf":[],"_links":{"self":[{"href":"https:\/\/digiagrifood.ch\/fr\/wp-json\/wp\/v2\/pages\/31133","targetHints":{"allow":["GET"]}}],"collection":[{"href":"https:\/\/digiagrifood.ch\/fr\/wp-json\/wp\/v2\/pages"}],"about":[{"href":"https:\/\/digiagrifood.ch\/fr\/wp-json\/wp\/v2\/types\/page"}],"author":[{"embeddable":true,"href":"https:\/\/digiagrifood.ch\/fr\/wp-json\/wp\/v2\/users\/2"}],"replies":[{"embeddable":true,"href":"https:\/\/digiagrifood.ch\/fr\/wp-json\/wp\/v2\/comments?post=31133"}],"version-history":[{"count":6,"href":"https:\/\/digiagrifood.ch\/fr\/wp-json\/wp\/v2\/pages\/31133\/revisions"}],"predecessor-version":[{"id":33134,"href":"https:\/\/digiagrifood.ch\/fr\/wp-json\/wp\/v2\/pages\/31133\/revisions\/33134"}],"wp:attachment":[{"href":"https:\/\/digiagrifood.ch\/fr\/wp-json\/wp\/v2\/media?parent=31133"}],"wp:term":[{"taxonomy":"post_tag","embeddable":true,"href":"https:\/\/digiagrifood.ch\/fr\/wp-json\/wp\/v2\/tags?post=31133"}],"curies":[{"name":"wp","href":"https:\/\/api.w.org\/{rel}","templated":true}]}}