{"id":36158,"date":"2026-04-03T10:26:21","date_gmt":"2026-04-03T08:26:21","guid":{"rendered":"https:\/\/digiagrifood.ch\/test-2-a\/"},"modified":"2026-04-27T10:09:30","modified_gmt":"2026-04-27T08:09:30","slug":"test-2-a","status":"publish","type":"page","link":"https:\/\/digiagrifood.ch\/fr\/test-2-a\/","title":{"rendered":"Test 2 a"},"content":{"rendered":"<div class=\"wpb-content-wrapper\"><p>[vc_row row_height_percent=&#8221;0&#8243; override_padding=&#8221;yes&#8221; h_padding=&#8221;2&#8243; top_padding=&#8221;4&#8243; bottom_padding=&#8221;4&#8243; overlay_alpha=&#8221;50&#8243; gutter_size=&#8221;4&#8243; column_width_percent=&#8221;100&#8243; shift_y=&#8221;0&#8243; z_index=&#8221;0&#8243; el_class=&#8221;inverted-device-order&#8221; uncode_shortcode_id=&#8221;759732&#8243;][vc_column column_width_use_pixel=&#8221;yes&#8221; position_vertical=&#8221;middle&#8221; gutter_size=&#8221;2&#8243; overlay_alpha=&#8221;50&#8243; shift_x=&#8221;0&#8243; shift_y=&#8221;0&#8243; shift_y_down=&#8221;0&#8243; z_index=&#8221;0&#8243; medium_width=&#8221;0&#8243; mobile_width=&#8221;0&#8243; width=&#8221;1\/2&#8243; column_width_pixel=&#8221;900&#8243; uncode_shortcode_id=&#8221;105652&#8243;][vc_custom_heading heading_semantic=&#8221;h3&#8243; uncode_shortcode_id=&#8221;873884&#8243;]Charte[\/vc_custom_heading][vc_column_text uncode_shortcode_id=&#8221;132973&#8243; el_class=&#8221;link_alt&#8221;]Les signataires de la <a href=\"https:\/\/digiagrifood.ch\/wp-content\/uploads\/2024\/06\/Charta_Digitalisierung.pdf\" target=\"_blank\" rel=\"noopener\">charte<\/a> s&#8217;engagent \u00e0 contribuer activement \u00e0 la num\u00e9risation du secteur agroalimentaire suisse.[\/vc_column_text][vc_column_text uncode_shortcode_id=&#8221;330316&#8243;]La charte contient douze lignes directrices sur l&#8217;utilisation des donn\u00e9es et des applications num\u00e9riques. Elles concr\u00e9tisent et compl\u00e8tent les champs d&#8217;action et objectifs pertinents de la strat\u00e9gie &#8220;Suisse num\u00e9rique&#8221; pour le secteur agroalimentaire. Toutes les lignes directrices sont ainsi[\/vc_column_text][\/vc_column][vc_column width=&#8221;1\/2&#8243;][vc_single_image media=&#8221;29226&#8243; media_width_percent=&#8221;100&#8243; media_ratio=&#8221;three-two&#8221; alignment=&#8221;center&#8221; uncode_shortcode_id=&#8221;152773&#8243;][\/vc_column][\/vc_row]<\/p>\n<\/div>","protected":false},"excerpt":{"rendered":"<p>[vc_row row_height_percent=&#8221;0&#8243; override_padding=&#8221;yes&#8221; h_padding=&#8221;2&#8243; top_padding=&#8221;4&#8243; bottom_padding=&#8221;4&#8243; overlay_alpha=&#8221;50&#8243; gutter_size=&#8221;4&#8243; column_width_percent=&#8221;100&#8243; shift_y=&#8221;0&#8243; z_index=&#8221;0&#8243; el_class=&#8221;inverted-device-order&#8221; uncode_shortcode_id=&#8221;759732&#8243;][vc_column column_width_use_pixel=&#8221;yes&#8221; position_vertical=&#8221;middle&#8221; gutter_size=&#8221;2&#8243; overlay_alpha=&#8221;50&#8243; shift_x=&#8221;0&#8243; shift_y=&#8221;0&#8243; shift_y_down=&#8221;0&#8243; [&hellip;]<\/p>\n","protected":false},"author":2,"featured_media":0,"parent":0,"menu_order":0,"comment_status":"closed","ping_status":"closed","template":"","meta":{"_acf_changed":false,"footnotes":""},"tags":[],"class_list":["post-36158","page","type-page","status-publish","hentry"],"acf":[],"_links":{"self":[{"href":"https:\/\/digiagrifood.ch\/fr\/wp-json\/wp\/v2\/pages\/36158","targetHints":{"allow":["GET"]}}],"collection":[{"href":"https:\/\/digiagrifood.ch\/fr\/wp-json\/wp\/v2\/pages"}],"about":[{"href":"https:\/\/digiagrifood.ch\/fr\/wp-json\/wp\/v2\/types\/page"}],"author":[{"embeddable":true,"href":"https:\/\/digiagrifood.ch\/fr\/wp-json\/wp\/v2\/users\/2"}],"replies":[{"embeddable":true,"href":"https:\/\/digiagrifood.ch\/fr\/wp-json\/wp\/v2\/comments?post=36158"}],"version-history":[{"count":2,"href":"https:\/\/digiagrifood.ch\/fr\/wp-json\/wp\/v2\/pages\/36158\/revisions"}],"predecessor-version":[{"id":36162,"href":"https:\/\/digiagrifood.ch\/fr\/wp-json\/wp\/v2\/pages\/36158\/revisions\/36162"}],"wp:attachment":[{"href":"https:\/\/digiagrifood.ch\/fr\/wp-json\/wp\/v2\/media?parent=36158"}],"wp:term":[{"taxonomy":"post_tag","embeddable":true,"href":"https:\/\/digiagrifood.ch\/fr\/wp-json\/wp\/v2\/tags?post=36158"}],"curies":[{"name":"wp","href":"https:\/\/api.w.org\/{rel}","templated":true}]}}