{"id":29452,"date":"2024-06-13T22:22:14","date_gmt":"2024-06-13T20:22:14","guid":{"rendered":"https:\/\/mehrd62.sg-host.com\/protezione-dei-dati\/"},"modified":"2024-10-22T14:26:05","modified_gmt":"2024-10-22T12:26:05","slug":"protezione-dei-dati","status":"publish","type":"page","link":"https:\/\/digiagrifood.ch\/it\/protezione-dei-dati\/","title":{"rendered":"Protezione dei dati"},"content":{"rendered":"<div class=\"wpb-content-wrapper\"><p>[vc_row row_height_percent=&#8221;0&#8243; override_padding=&#8221;yes&#8221; h_padding=&#8221;2&#8243; top_padding=&#8221;4&#8243; bottom_padding=&#8221;4&#8243; back_color=&#8221;accent&#8221; overlay_alpha=&#8221;50&#8243; gutter_size=&#8221;3&#8243; column_width_percent=&#8221;100&#8243; shift_y=&#8221;0&#8243; z_index=&#8221;0&#8243; uncode_shortcode_id=&#8221;181609&#8243; back_color_type=&#8221;uncode-palette&#8221;][vc_column column_width_percent=&#8221;100&#8243; gutter_size=&#8221;3&#8243; style=&#8221;dark&#8221; overlay_alpha=&#8221;50&#8243; shift_x=&#8221;0&#8243; shift_y=&#8221;0&#8243; shift_y_down=&#8221;0&#8243; z_index=&#8221;0&#8243; medium_width=&#8221;0&#8243; mobile_width=&#8221;0&#8243; width=&#8221;1\/1&#8243; uncode_shortcode_id=&#8221;107538&#8243;][vc_custom_heading uncode_shortcode_id=&#8221;599577&#8243;]Informativa sulla privacy[\/vc_custom_heading][\/vc_column][\/vc_row][vc_row row_height_percent=&#8221;0&#8243; override_padding=&#8221;yes&#8221; h_padding=&#8221;2&#8243; top_padding=&#8221;3&#8243; bottom_padding=&#8221;3&#8243; overlay_alpha=&#8221;50&#8243; gutter_size=&#8221;3&#8243; column_width_percent=&#8221;100&#8243; shift_y=&#8221;0&#8243; z_index=&#8221;0&#8243; uncode_shortcode_id=&#8221;560257&#8243;][vc_column width=&#8221;1\/1&#8243;][vc_column_text uncode_shortcode_id=&#8221;477765&#8243;]<\/p>\n<h2>1. Informazioni generali<\/h2>\n<p>La protezione dei tuoi dati \u00e8 importante per noi. In questa informativa sulla privacy, ti informiamo su come trattiamo i dati personali quando utilizzi il nostro sito web. Il nostro sito web si rivolge principalmente agli interessati del settore agricolo e alimentare in Svizzera, ma \u00e8 accessibile anche a livello internazionale.<\/p>\n<h2>2. Organo responsabile<\/h2>\n<p>Il responsabile del trattamento dei dati su questo sito web \u00e8:<\/p>\n<p><strong>DigiAgriFoodCH<br \/>\n<\/strong>Ufficio federale dell&#8217;agricoltura UFAG<br \/>\nSchwarzenburgstrasse 165<br \/>\nCH-3003 Berna<\/p>\n<p><a href=\"mailto:info@digiagrifood.ch\">info@digiagrifood.ch<\/a><\/p>\n<h2>3. Dati raccolti<\/h2>\n<p>Raccogliamo ed elaboriamo i dati personali nei seguenti casi:<\/p>\n<ul>\n<li><strong>Quando visiti il nostro sito web:<\/strong> vengono raccolti automaticamente dati quali l&#8217;indirizzo IP, il tipo e la versione del browser, il sistema operativo, l&#8217;URL di riferimento, l&#8217;orario di accesso e informazioni simili. Questi dati vengono utilizzati per l&#8217;ottimizzazione tecnica e il miglioramento del nostro sito web.<\/li>\n<li><strong>Registrazione alla newsletter:<\/strong> Quando ti registri alla nostra newsletter, elaboriamo il tuo indirizzo e-mail ed eventualmente il tuo nome per inviarti la newsletter. Questa operazione viene eseguita dal fornitore di servizi esterno Infomaniak. Infomaniak si impegna a trattare i dati solo in conformit\u00e0 alla normativa svizzera sulla protezione dei dati. Puoi trovare l&#8217;informativa sulla privacy di Infomaniak <a href=\"https:\/\/www.infomaniak.com\/de\/agb\/datenschutzrichtlinien\" target=\"_blank\" rel=\"noopener\">qui<\/a>.<\/li>\n<li><strong>Funzione di commento:<\/strong> se commenti i post del blog, raccogliamo i dati che ci fornisci (ad es. nome, indirizzo e-mail) e il contenuto del commento. Il conferimento di questi dati \u00e8 volontario, ma necessario per poter utilizzare la funzione di commento. Il tuo indirizzo e-mail non sar\u00e0 reso pubblicamente accessibile. [E-Mail-Adresse] Puoi richiedere la cancellazione del tuo commento e dei tuoi dati in qualsiasi momento inviandoci un&#8217;e-mail a .<\/li>\n<li><strong>Utilizzo dei cookie:<\/strong> utilizziamo i cookie per migliorare la facilit\u00e0 d&#8217;uso del sito web. Si tratta di piccoli file di testo che vengono memorizzati sul tuo dispositivo. Alcuni di questi cookie sono necessari per garantire le funzioni di base del sito web, altri ci aiutano ad analizzare l&#8217;utilizzo del sito (vedi Google Analytics di seguito).<\/li>\n<\/ul>\n<h2>4. Google Analytics<\/h2>\n<p>Il nostro sito web utilizza Google Analytics, un servizio di analisi web fornito da Google Ireland Ltd (&#8220;Google&#8221;). Google Analytics utilizza i cookie per analizzare le modalit\u00e0 di utilizzo del nostro sito web. Le informazioni cos\u00ec generate vengono solitamente trasferite a un server di Google negli Stati Uniti e l\u00ec memorizzate. Abbiamo attivato Google Analytics con l&#8217;anonimizzazione dell&#8217;IP in modo che il tuo indirizzo IP venga troncato all&#8217;interno dell&#8217;Unione Europea o in altri Stati firmatari dell&#8217;Accordo sullo Spazio Economico Europeo prima di essere trasmesso a Google. Solo in casi eccezionali l&#8217;indirizzo IP completo verr\u00e0 trasmesso a un server di Google negli Stati Uniti e l\u00ec troncato. I dati elaborati da Google Analytics vengono utilizzati per analizzare il comportamento degli utenti sul nostro sito web al fine di ottimizzare la nostra offerta. Ulteriori informazioni sulla protezione dei dati di Google sono disponibili <a href=\"https:\/\/policies.google.com\/privacy?hl=it\" target=\"_blank\" rel=\"noopener\">qui<\/a>.<\/p>\n<h2>5. Trasmissione di dati all&#8217;estero<\/h2>\n<p>Il nostro sito web si rivolge principalmente agli utenti della Svizzera. Tuttavia, poich\u00e9 vengono utilizzati servizi come Google Analytics e Infomaniak, i dati possono essere trasferiti all&#8217;estero (ad esempio negli Stati Uniti). In questi casi, ci assicuriamo che sia garantito un livello adeguato di protezione dei dati, ad esempio attraverso le clausole contrattuali standard dell&#8217;Unione Europea o meccanismi analoghi.<\/p>\n<h2>6. Diritti degli interessati<\/h2>\n<p>Ne hai il diritto:<\/p>\n<ul>\n<li>per richiedere informazioni sui tuoi dati personali conservati da noi.<\/li>\n<li>Per richiedere la correzione di dati errati.<\/li>\n<li>Per richiedere la cancellazione dei tuoi dati, a condizione che non vi siano obblighi di conservazione previsti dalla legge.<\/li>\n<li>revocare il consenso al trattamento dei dati in qualsiasi momento.<\/li>\n<\/ul>\n<p>Per esercitare uno di questi diritti, contattaci all&#8217;indirizzo <a href=\"mailto:info@digiagrifood.ch\">info@digiagrifood.ch.<\/a><\/p>\n<h2>7. Sicurezza dei dati<\/h2>\n<p>Utilizziamo misure di sicurezza tecniche e organizzative per proteggere i tuoi dati da accessi non autorizzati e abusi. Tali misure vengono riviste regolarmente e modificate se necessario.<\/p>\n<h2>8. Modifiche all&#8217;informativa sulla privacy<\/h2>\n<p>Ci riserviamo il diritto di modificare la presente informativa sulla privacy, se necessario, per conformarci ai requisiti legali vigenti o per tenere conto delle modifiche apportate ai nostri servizi. La versione attuale dell&#8217;informativa sulla privacy \u00e8 disponibile sul nostro sito web.<\/p>\n<h2>9. Contattare<\/h2>\n<p>Se hai domande sulla protezione dei dati, ti preghiamo di contattare:<\/p>\n<p><strong>DigiAgriFoodCH<br \/>\n<\/strong>Ufficio federale dell&#8217;agricoltura UFAG<br \/>\nSchwarzenburgstrasse 165<br \/>\nCH-3003 Berna<\/p>\n<p><a href=\"mailto:info@digiagrifood.ch\">info@digiagrifood.ch<\/a>[\/vc_column_text][\/vc_column][\/vc_row]<\/p>\n<\/div>","protected":false},"excerpt":{"rendered":"<p>[vc_row row_height_percent=&#8221;0&#8243; override_padding=&#8221;yes&#8221; h_padding=&#8221;2&#8243; top_padding=&#8221;4&#8243; bottom_padding=&#8221;4&#8243; back_color=&#8221;accent&#8221; overlay_alpha=&#8221;50&#8243; gutter_size=&#8221;3&#8243; column_width_percent=&#8221;100&#8243; shift_y=&#8221;0&#8243; z_index=&#8221;0&#8243; uncode_shortcode_id=&#8221;181609&#8243; back_color_type=&#8221;uncode-palette&#8221;][vc_column column_width_percent=&#8221;100&#8243; gutter_size=&#8221;3&#8243; style=&#8221;dark&#8221; overlay_alpha=&#8221;50&#8243; shift_x=&#8221;0&#8243; shift_y=&#8221;0&#8243; [&hellip;]<\/p>\n","protected":false},"author":2,"featured_media":0,"parent":0,"menu_order":0,"comment_status":"closed","ping_status":"closed","template":"","meta":{"_acf_changed":false,"footnotes":""},"tags":[],"class_list":["post-29452","page","type-page","status-publish","hentry"],"acf":[],"_links":{"self":[{"href":"https:\/\/digiagrifood.ch\/it\/wp-json\/wp\/v2\/pages\/29452","targetHints":{"allow":["GET"]}}],"collection":[{"href":"https:\/\/digiagrifood.ch\/it\/wp-json\/wp\/v2\/pages"}],"about":[{"href":"https:\/\/digiagrifood.ch\/it\/wp-json\/wp\/v2\/types\/page"}],"author":[{"embeddable":true,"href":"https:\/\/digiagrifood.ch\/it\/wp-json\/wp\/v2\/users\/2"}],"replies":[{"embeddable":true,"href":"https:\/\/digiagrifood.ch\/it\/wp-json\/wp\/v2\/comments?post=29452"}],"version-history":[{"count":7,"href":"https:\/\/digiagrifood.ch\/it\/wp-json\/wp\/v2\/pages\/29452\/revisions"}],"predecessor-version":[{"id":33913,"href":"https:\/\/digiagrifood.ch\/it\/wp-json\/wp\/v2\/pages\/29452\/revisions\/33913"}],"wp:attachment":[{"href":"https:\/\/digiagrifood.ch\/it\/wp-json\/wp\/v2\/media?parent=29452"}],"wp:term":[{"taxonomy":"post_tag","embeddable":true,"href":"https:\/\/digiagrifood.ch\/it\/wp-json\/wp\/v2\/tags?post=29452"}],"curies":[{"name":"wp","href":"https:\/\/api.w.org\/{rel}","templated":true}]}}