{"id":30980,"date":"2024-07-05T10:39:24","date_gmt":"2024-07-05T08:39:24","guid":{"rendered":"http:\/\/mehrd62.sg-host.com\/digiagrifoodch\/"},"modified":"2025-06-11T12:23:44","modified_gmt":"2025-06-11T10:23:44","slug":"digiagrifoodch","status":"publish","type":"page","link":"https:\/\/digiagrifood.ch\/it\/digiknowhow\/digiagrifoodch\/","title":{"rendered":"Programma DigiAgriFoodCH"},"content":{"rendered":"<div class=\"wpb-content-wrapper\"><p>[vc_row row_height_percent=&#8221;45&#8243; back_color=&#8221;accent&#8221; back_image=&#8221;32787&#8243; overlay_alpha=&#8221;0&#8243; equal_height=&#8221;yes&#8221; gutter_size=&#8221;0&#8243; column_width_use_pixel=&#8221;yes&#8221; shift_y=&#8221;0&#8243; z_index=&#8221;0&#8243; row_name=&#8221;Welcome&#8221; uncode_shortcode_id=&#8221;210245&#8243; back_color_type=&#8221;uncode-palette&#8221;][vc_column column_width_use_pixel=&#8221;yes&#8221; position_vertical=&#8221;middle&#8221; align_horizontal=&#8221;align_center&#8221; gutter_size=&#8221;3&#8243; style=&#8221;dark&#8221; overlay_alpha=&#8221;50&#8243; shift_x=&#8221;0&#8243; shift_y=&#8221;0&#8243; shift_y_down=&#8221;0&#8243; z_index=&#8221;0&#8243; medium_width=&#8221;0&#8243; mobile_width=&#8221;0&#8243; width=&#8221;1\/1&#8243;][vc_row_inner row_inner_height_percent=&#8221;0&#8243; overlay_alpha=&#8221;50&#8243; gutter_size=&#8221;3&#8243; shift_y=&#8221;0&#8243; z_index=&#8221;0&#8243;][vc_column_inner column_width_use_pixel=&#8221;yes&#8221; position_vertical=&#8221;middle&#8221; align_horizontal=&#8221;align_center&#8221; gutter_size=&#8221;2&#8243; style=&#8221;dark&#8221; overlay_alpha=&#8221;50&#8243; shift_x=&#8221;0&#8243; shift_y=&#8221;0&#8243; shift_y_down=&#8221;0&#8243; z_index=&#8221;0&#8243; medium_width=&#8221;0&#8243; mobile_width=&#8221;0&#8243; width=&#8221;1\/1&#8243; column_width_pixel=&#8221;740&#8243; uncode_shortcode_id=&#8221;316323&#8243;][vc_custom_heading text_color=&#8221;color-prif&#8221; heading_semantic=&#8221;h1&#8243; text_size=&#8221;fontsize-155608&#8243; css_animation=&#8221;top-t-bottom&#8221; animation_delay=&#8221;200&#8243; uncode_shortcode_id=&#8221;103047&#8243; text_color_type=&#8221;uncode-palette&#8221;]Programma DigiAgriFoodCH[\/vc_custom_heading][vc_column_text text_lead=&#8221;yes&#8221; text_color=&#8221;color-prif&#8221; css_animation=&#8221;bottom-t-top&#8221; animation_delay=&#8221;600&#8243; uncode_shortcode_id=&#8221;130687&#8243; text_color_type=&#8221;uncode-palette&#8221;]<\/p>\n<p data-renderer-start-pos=\"1432\">Per generare valore aggiunto dai dati nel settore agroalimentare svizzero, \u00e8 necessario attuare diverse misure. Sei di queste sono incluse nel programma di trasformazione #DigiAgriFoodCH. L&#8217;attuazione di queste misure costituisce la base per la trasformazione digitale dell&#8217;intero settore.<\/p>\n<p>[\/vc_column_text][\/vc_column_inner][\/vc_row_inner][\/vc_column][\/vc_row][vc_row][vc_column width=&#8221;1\/2&#8243;][vc_single_image media=&#8221;31555&#8243; media_width_percent=&#8221;65&#8243; media_ratio=&#8221;three-two&#8221; uncode_shortcode_id=&#8221;111273&#8243;][\/vc_column][vc_column width=&#8221;1\/2&#8243;][vc_custom_heading uncode_shortcode_id=&#8221;390936&#8243;]agridata.ch &#8211; Una piattaforma sicura per lo scambio di dati[\/vc_custom_heading][vc_column_text uncode_shortcode_id=&#8221;717955&#8243;]Oggi, a volte, dati identici devono essere registrati pi\u00f9 volte in sistemi diversi perch\u00e9 lo scambio di dati tra i sistemi \u00e8 difficile. Con agridata.ch, tutte le applicazioni del settore agricolo e alimentare svizzero dovrebbero essere in grado di scambiare dati in modo sicuro ed efficiente. In questo modo si creano le basi per l&#8217;interoperabilit\u00e0 e quindi per l&#8217;attuazione del principio only-once. agridata.ch \u00e8 paragonabile alla rete ferroviaria. Grazie alla standardizzazione dell&#8217;infrastruttura della rete ferroviaria, i treni possono circolare ovunque. La standardizzazione \u00e8 necessaria anche per i dati (standard eCH) e l&#8217;infrastruttura per lo scambio di dati sar\u00e0 agridata.ch. I dati rimarranno archiviati in modo decentralizzato nei vari sistemi. La piattaforma di scambio dati viene utilizzata solo per lo scambio sicuro e controllato dei dati.[\/vc_column_text][vc_button border_width=&#8221;0&#8243; link=&#8221;url:https%3A%2F%2Fdigiagrifood.ch%2Fwp-content%2Fuploads%2F2024%2F09%2F2024_Four-Pager-agridata.ch_FR.pdf&#8221; uncode_shortcode_id=&#8221;136481&#8243;]Maggiori informazioni su agridata.ch (francese)[\/vc_button][\/vc_column][\/vc_row][vc_row][vc_column width=&#8221;1\/2&#8243;][vc_custom_heading uncode_shortcode_id=&#8221;137714&#8243;]Standard di dati per lo spazio dei dati agricoli e alimentari[\/vc_custom_heading][vc_column_text uncode_shortcode_id=&#8221;385736&#8243;]Affinch\u00e9 i dati possano essere scambiati tra diverse applicazioni, devono essere gestiti in modo standardizzato. A tal fine sono necessari standard di dati definiti congiuntamente. Ulteriori informazioni sugli standard dei dati sono disponibili qui <a href=\"https:\/\/digiagrifood.ch\/it\/digiknowhow\/standard-dei-dati-ech\/\">Standard dei dati &#8211; Digitalizzazione del settore agroalimentare svizzero<\/a>.[\/vc_column_text][\/vc_column][vc_column width=&#8221;1\/2&#8243;][vc_single_image media=&#8221;31568&#8243; media_width_percent=&#8221;65&#8243; media_ratio=&#8221;three-two&#8221; alignment=&#8221;right&#8221; uncode_shortcode_id=&#8221;189378&#8243;][\/vc_column][\/vc_row][vc_row][vc_column width=&#8221;1\/2&#8243;][vc_single_image media=&#8221;31457&#8243; media_width_percent=&#8221;65&#8243; media_ratio=&#8221;three-two&#8221; uncode_shortcode_id=&#8221;127331&#8243;][\/vc_column][vc_column width=&#8221;1\/2&#8243;][vc_custom_heading uncode_shortcode_id=&#8221;122216&#8243;]Rivedere la base giuridica[\/vc_custom_heading][vc_column_text uncode_shortcode_id=&#8221;788026&#8243;]<\/p>\n<p data-pm-slice=\"1 1 [\">Anche le basi giuridiche devono essere adattate in modo da poter attuare le varie misure. In futuro, nelle basi giuridiche non saranno pi\u00f9 elencate le singole applicazioni, ma piuttosto quali dati verranno utilizzati per quale scopo.<\/p>\n<p>[\/vc_column_text][\/vc_column][\/vc_row][vc_row row_height_percent=&#8221;0&#8243; override_padding=&#8221;yes&#8221; h_padding=&#8221;2&#8243; top_padding=&#8221;4&#8243; bottom_padding=&#8221;3&#8243; overlay_alpha=&#8221;50&#8243; gutter_size=&#8221;4&#8243; column_width_percent=&#8221;100&#8243; shift_y=&#8221;0&#8243; z_index=&#8221;0&#8243; el_class=&#8221;inverted-device-order&#8221; uncode_shortcode_id=&#8221;292700&#8243;][vc_column column_width_use_pixel=&#8221;yes&#8221; position_vertical=&#8221;middle&#8221; gutter_size=&#8221;2&#8243; overlay_alpha=&#8221;50&#8243; shift_x=&#8221;0&#8243; shift_y=&#8221;0&#8243; shift_y_down=&#8221;0&#8243; z_index=&#8221;0&#8243; medium_width=&#8221;0&#8243; mobile_width=&#8221;0&#8243; width=&#8221;1\/2&#8243; column_width_pixel=&#8221;900&#8243; uncode_shortcode_id=&#8221;838231&#8243;][vc_custom_heading heading_semantic=&#8221;h3&#8243; uncode_shortcode_id=&#8221;184122&#8243;]Offerta di servizi digitali[\/vc_custom_heading][vc_column_text uncode_shortcode_id=&#8221;576956&#8243; el_class=&#8221;link_alt&#8221;]<\/p>\n<p data-renderer-start-pos=\"1952\"><span class=\"fabric-background-color-mark\" data-renderer-mark=\"true\" data-background-custom-color=\"#d3f1a7\">L&#8217;attuale scenario dell&#8217;UFAG comprende 14 applicazioni con un&#8217;et\u00e0 media di nove anni. Tutte le applicazioni sono state sviluppate indipendentemente l&#8217;una dall&#8217;altra e funzionano indipendentemente.<\/span><\/p>\n<p data-renderer-start-pos=\"2173\"><strong data-renderer-mark=\"true\"><span class=\"fabric-background-color-mark\" data-renderer-mark=\"true\" data-background-custom-color=\"#d3f1a7\">L&#8217;obiettivo <\/span><\/strong><span class=\"fabric-background-color-mark\" data-renderer-mark=\"true\" data-background-custom-color=\"#d3f1a7\">\u00e8 <\/span><span class=\"fabric-background-color-mark\" data-renderer-mark=\"true\" data-background-custom-color=\"#d3f1a7\">di modernizzare tutte le applicazioni in modo orientato all&#8217;utente, tenendo conto degli sviluppi tecnologici in un sistema globale. Oltre ad aumentare la facilit\u00e0 d&#8217;uso e la flessibilit\u00e0, l&#8217;attenzione \u00e8 rivolta a un elevato livello di sicurezza. <\/span><\/p>\n<p>[\/vc_column_text][\/vc_column][vc_column column_width_percent=&#8221;100&#8243; position_vertical=&#8221;middle&#8221; gutter_size=&#8221;3&#8243; overlay_alpha=&#8221;50&#8243; shift_x=&#8221;0&#8243; shift_y=&#8221;0&#8243; shift_y_down=&#8221;0&#8243; z_index=&#8221;0&#8243; medium_width=&#8221;0&#8243; mobile_width=&#8221;0&#8243; width=&#8221;1\/2&#8243; uncode_shortcode_id=&#8221;165320&#8243;][vc_single_image media=&#8221;31446&#8243; media_width_percent=&#8221;65&#8243; media_ratio=&#8221;three-two&#8221; alignment=&#8221;right&#8221; uncode_shortcode_id=&#8221;933770&#8243;][\/vc_column][\/vc_row][vc_row][vc_column width=&#8221;1\/2&#8243;][vc_single_image media=&#8221;31451&#8243; media_width_percent=&#8221;65&#8243; media_ratio=&#8221;three-two&#8221; uncode_shortcode_id=&#8221;162320&#8243;][\/vc_column][vc_column width=&#8221;1\/2&#8243;][vc_custom_heading uncode_shortcode_id=&#8221;394755&#8243;]Coinvolgere tutti gli stakeholder nella trasformazione digitale[\/vc_custom_heading][vc_column_text uncode_shortcode_id=&#8221;173721&#8243;]<\/p>\n<p data-pm-slice=\"1 1 [\">La piattaforma di comunicazione digiagrifood.ch \u00e8 una delle misure per coinvolgere gli attori del settore agroalimentare svizzero nella trasformazione digitale e promuovere attivamente la conoscenza della digitalizzazione.<\/p>\n<p>[\/vc_column_text][\/vc_column][\/vc_row][vc_row][vc_column width=&#8221;1\/2&#8243;][vc_custom_heading uncode_shortcode_id=&#8221;176768&#8243;]Anticipare il futuro[\/vc_custom_heading][vc_column_text uncode_shortcode_id=&#8221;195492&#8243;]Ci sono molte innovazioni e progressi nel campo della digitalizzazione nel settore agroalimentare. Finora, per\u00f2, non c&#8217;\u00e8 stato un approccio sistematico per rendere disponibili agli operatori i nuovi sviluppi digitali. Ci\u00f2 richiede un radar di gestione della tecnologia e della ricerca.[\/vc_column_text][\/vc_column][vc_column width=&#8221;1\/2&#8243;][vc_single_image media=&#8221;31563&#8243; media_width_percent=&#8221;65&#8243; media_ratio=&#8221;three-two&#8221; alignment=&#8221;right&#8221; uncode_shortcode_id=&#8221;101113&#8243;][\/vc_column][\/vc_row]<\/p>\n<\/div>","protected":false},"excerpt":{"rendered":"<p>[vc_row row_height_percent=&#8221;45&#8243; back_color=&#8221;accent&#8221; back_image=&#8221;32787&#8243; overlay_alpha=&#8221;0&#8243; equal_height=&#8221;yes&#8221; gutter_size=&#8221;0&#8243; column_width_use_pixel=&#8221;yes&#8221; shift_y=&#8221;0&#8243; z_index=&#8221;0&#8243; row_name=&#8221;Welcome&#8221; uncode_shortcode_id=&#8221;210245&#8243; back_color_type=&#8221;uncode-palette&#8221;][vc_column column_width_use_pixel=&#8221;yes&#8221; position_vertical=&#8221;middle&#8221; align_horizontal=&#8221;align_center&#8221; gutter_size=&#8221;3&#8243; style=&#8221;dark&#8221; overlay_alpha=&#8221;50&#8243; shift_x=&#8221;0&#8243; [&hellip;]<\/p>\n","protected":false},"author":2,"featured_media":0,"parent":31134,"menu_order":0,"comment_status":"closed","ping_status":"closed","template":"","meta":{"_acf_changed":false,"footnotes":""},"tags":[],"class_list":["post-30980","page","type-page","status-publish","hentry"],"acf":[],"_links":{"self":[{"href":"https:\/\/digiagrifood.ch\/it\/wp-json\/wp\/v2\/pages\/30980","targetHints":{"allow":["GET"]}}],"collection":[{"href":"https:\/\/digiagrifood.ch\/it\/wp-json\/wp\/v2\/pages"}],"about":[{"href":"https:\/\/digiagrifood.ch\/it\/wp-json\/wp\/v2\/types\/page"}],"author":[{"embeddable":true,"href":"https:\/\/digiagrifood.ch\/it\/wp-json\/wp\/v2\/users\/2"}],"replies":[{"embeddable":true,"href":"https:\/\/digiagrifood.ch\/it\/wp-json\/wp\/v2\/comments?post=30980"}],"version-history":[{"count":19,"href":"https:\/\/digiagrifood.ch\/it\/wp-json\/wp\/v2\/pages\/30980\/revisions"}],"predecessor-version":[{"id":35062,"href":"https:\/\/digiagrifood.ch\/it\/wp-json\/wp\/v2\/pages\/30980\/revisions\/35062"}],"up":[{"embeddable":true,"href":"https:\/\/digiagrifood.ch\/it\/wp-json\/wp\/v2\/pages\/31134"}],"wp:attachment":[{"href":"https:\/\/digiagrifood.ch\/it\/wp-json\/wp\/v2\/media?parent=30980"}],"wp:term":[{"taxonomy":"post_tag","embeddable":true,"href":"https:\/\/digiagrifood.ch\/it\/wp-json\/wp\/v2\/tags?post=30980"}],"curies":[{"name":"wp","href":"https:\/\/api.w.org\/{rel}","templated":true}]}}